{"id":4953,"date":"2024-03-02T20:40:02","date_gmt":"2024-03-02T20:40:02","guid":{"rendered":"https:\/\/mondamo.de\/wp\/kleinkunst\/produkt\/20-sentiments-poster-des-sentiments-en-2-variantes-pdf-a4-ou-poster-imprime-au-format-a3\/"},"modified":"2025-03-13T12:56:59","modified_gmt":"2025-03-13T12:56:59","slug":"20-sentiments-poster-des-sentiments-en-2-variantes-pdf-a4-ou-poster-imprime-au-format-a3","status":"publish","type":"product","link":"https:\/\/mondamo.de\/wp\/kleinkunst\/fr\/produit\/20-sentiments-poster-des-sentiments-en-2-variantes-pdf-a4-ou-poster-imprime-au-format-a3\/","title":{"rendered":"20 sentiments &#8211; Poster des sentiments en 2 variantes | PDF A4 ou poster imprim\u00e9 au format A3"},"content":{"rendered":"<h2>Dis, comment te sens-tu ? Montre-le-moi ! <\/h2>\n<p>Ce poster joliment con\u00e7u aide les enfants \u00e0 reconna\u00eetre, \u00e0 nommer et \u00e0 exprimer leurs \u00e9motions de mani\u00e8re ludique. Il offre un soutien pr\u00e9cieux aux parents qui souhaitent accompagner leurs enfants dans leur d\u00e9veloppement \u00e9motionnel. Toutes les \u00e9motions sont les bienvenues ! Un bon jeu pour cela : \u00ab\u00a0Pointez l&rsquo;\u00e9motion que vous \u00eates en train de vivre\u00a0\u00bb &#8211; ou discutez ensemble de ce qu&rsquo;un enfant ressent sur le poster, par exemple lorsqu&rsquo;il pleure.   <\/p>\n<h1>Poster des sentiments | Poster \u00e0 t\u00e9l\u00e9charger num\u00e9riquement<\/h1>\n<p><strong>Vous recevrez deux versions PDF de l&rsquo;affiche \u00e0 t\u00e9l\u00e9charger :<\/strong><br \/>\n&#8211; Affiche des \u00e9motions, taille 21 x 21 cm, carr\u00e9 avec 15 \u00e9motions<br \/>\n&#8211; Affiche des \u00e9motions, taille 21 x 29,7cm , DIN A4 avec 20 \u00e9motions Les \u00e9motions sont class\u00e9es par :<br \/>\npositif, neutre, sensations physiques, n\u00e9gatif<\/p>\n<h1>NOUVEAU : Emotions Poster mural Sentiments \u00e0 acheter<\/h1>\n<p>En raison de la forte demande, le poster des sentiments est enfin disponible en tant que produit physique. Le poster est au format A3<span class=\"dftab1\">(29,7 \u00d7 42 <\/span>cm) et vous est envoy\u00e9 par la poste, roul\u00e9. L&rsquo;affiche des sentiments avec les 20 \u00e9motions est en papier plus r\u00e9sistant (170g\/m2) et est fabriqu\u00e9e dans une imprimerie allemande.  <\/p>\n<p>&nbsp;<\/p>\n<h2><strong>En plus dans la boutique : cartes d&rsquo;\u00e9motions<\/strong><\/h2>\n<p>Outre le poster, vous trouverez \u00e9galement dans la boutique nos <a href=\"https:\/\/mondamo.de\/wp\/kleinkunst\/produkt\/kartenset-gefuehlskarten\/\"><strong>Cartes d&rsquo;\u00e9motions<\/strong><\/a> &#8211; en <a href=\"https:\/\/mondamo.de\/wp\/kleinkunst\/produkt\/gefuehlskarten-download-pdf\/\">t\u00e9l\u00e9chargement PDF<\/a> pratique ou en produit physique de haute qualit\u00e9. Ce magnifique jeu de cartes a d\u00e9j\u00e0 s\u00e9duit de nombreux parents et \u00e9ducateurs. Les cartes sont imperm\u00e9ables et ind\u00e9chirables, ce qui leur permet de durer longtemps, m\u00eame dans des environnements de jeu et d&rsquo;apprentissage intensifs.  <\/p>\n<h1><strong>Dans quels contextes utiliser le poster Emotions ?<\/strong><\/h1>\n<p>Le poster des \u00e9motions est id\u00e9al pour une utilisation dans diff\u00e9rents contextes :<\/p>\n<ul>\n<li><strong>\u00c0 la maison<\/strong>: les parents peuvent utiliser le poster des \u00e9motions pour aider leurs enfants \u00e0 nommer et \u00e0 exprimer leurs \u00e9motions de mani\u00e8re ludique. Ensemble, ils peuvent discuter de situations quotidiennes et l&rsquo;enfant apprend \u00e0 mettre des mots sur ses sentiments. <\/li>\n<li><strong>Th\u00e9rapie<\/strong>: lors de s\u00e9ances th\u00e9rapeutiques, notamment en psychologie de l&rsquo;enfant, l&rsquo;affiche Sentiments aide les enfants \u00e0 parler de leurs sentiments et \u00e0 mieux comprendre les \u00e9motions difficiles.<\/li>\n<li><strong>\u00c9cole et pr\u00e9scolaire<\/strong>: les \u00e9ducateurs peuvent utiliser le poster en classe ou dans le cadre d&rsquo;activit\u00e9s de groupe afin de d\u00e9velopper la conscience \u00e9motionnelle et les comp\u00e9tences sociales des enfants. C&rsquo;est un compl\u00e9ment pr\u00e9cieux \u00e0 l&rsquo;\u00e9ducation de la petite enfance. <\/li>\n<li><strong>Cr\u00e8che<\/strong>: Le poster des \u00e9motions est \u00e9galement tr\u00e8s appr\u00e9ci\u00e9 \u00e0 la maternelle, o\u00f9 il permet de d\u00e9velopper la compr\u00e9hension des \u00e9motions et l&#8217;empathie de mani\u00e8re ludique &#8211; id\u00e9al pour une utilisation quotidienne.<\/li>\n<\/ul>\n<p>&nbsp;<\/p>\n<h2><strong>Pourquoi un poster d&rsquo;\u00e9motions ?<\/strong><\/h2>\n<p>D\u00e9couvrez un outil unique qui renforce chaleureusement le lien \u00e9motionnel avec votre enfant. Mon poster des \u00e9motions n&rsquo;est pas seulement une belle d\u00e9coration, c&rsquo;est aussi un outil interactif con\u00e7u avec 15 \/ 20 illustrations tendres (style aquarelle). Il invite les enfants \u00e0 d\u00e9couvrir le monde des \u00e9motions de mani\u00e8re ludique, tout en d\u00e9veloppant leur intelligence \u00e9motionnelle et leur empathie.  <\/p>\n<p><strong>Un voyage \u00e0 travers le monde des \u00e9motions<\/strong><\/p>\n<p>Avec cette affiche d&rsquo;\u00e9motions, vous offrez \u00e0 votre enfant un moyen ludique de mieux comprendre et de nommer ses propres \u00e9motions &#8211; une comp\u00e9tence essentielle \u00e0 son d\u00e9veloppement personnel et au d\u00e9veloppement de son intelligence \u00e9motionnelle. D&rsquo;ailleurs, les enfants du spectre de l&rsquo;autisme peuvent tirer un b\u00e9n\u00e9fice particulier de cette affiche des \u00e9motions, car elle les aide \u00e0 saisir les \u00e9motions de mani\u00e8re visuelle et structur\u00e9e. Le design clair et les illustrations compr\u00e9hensibles facilitent l&rsquo;identification et la mise en mots des \u00e9motions, une capacit\u00e9 qui repr\u00e9sente un d\u00e9fi pour de nombreux enfants autistes. En l&rsquo;utilisant r\u00e9guli\u00e8rement, ils apprennent \u00e0 mieux identifier leurs propres \u00e9motions et peuvent plus facilement partager leurs sentiments avec les autres. Le poster leur offre un support visuel qui les aide \u00e0 d\u00e9velopper des comp\u00e9tences sociales et \u00e9motionnelles au quotidien.<\/p>\n<h2><strong>Apprendre en s&rsquo;amusant et d\u00e9velopper l&#8217;empathie<\/strong><\/h2>\n<p>Le poster aide votre enfant \u00e0 d\u00e9velopper des comp\u00e9tences sociales et une compr\u00e9hension plus profonde des \u00e9motions. Il aide les parents qui souhaitent aborder leur enfant <a href=\"\" target=\"\" rel=\"\">en fonction de ses besoins<\/a>. En explorant les \u00e9motions avec votre enfant, vous lui offrez non seulement de l&rsquo;attention et de l&rsquo;amour, mais vous l&rsquo;aidez \u00e9galement \u00e0 se sentir mieux compris et vu. Votre enfant apprendra ainsi \u00e0 interpr\u00e9ter correctement non seulement ses propres sentiments, mais aussi les \u00e9motions des autres. Le poster est particuli\u00e8rement adapt\u00e9 aux enfants d&rsquo;\u00e2ge pr\u00e9scolaire et \u00e0 une utilisation dans les cr\u00e8ches ou les \u00e9coles maternelles. Mon enfant de deux ans regarde d\u00e9j\u00e0 les images avec beaucoup d&rsquo;int\u00e9r\u00eat !     <\/p>\n<p><strong>Langues :<\/strong><\/p>\n<p>Cette affiche est \u00e9galement disponible en espagnol, en anglais et en portugais.<\/p>\n","protected":false},"excerpt":{"rendered":"<p>Emotions Poster en diff\u00e9rentes variantes<\/p>\n","protected":false},"featured_media":3651,"comment_status":"open","ping_status":"closed","template":"","meta":{"iawp_total_views":195},"product_brand":[],"product_cat":[637,447,448],"product_tag":[683,678,675,673,666,677,669,676,685,674,682,672,671,667,680,679,453,670,668,684,681],"class_list":{"0":"post-4953","1":"product","2":"type-product","3":"status-publish","4":"has-post-thumbnail","6":"product_cat-imagerie-interieure","7":"product_cat-sentiments-ressources","8":"product_cat-tous-les-produits","9":"product_tag-accompagnement-therapeutique","10":"product_tag-affiche-des-sentiments","11":"product_tag-apprendre-les-emotions","12":"product_tag-competences-sociales-enfants","13":"product_tag-developpement-emotionnel","14":"product_tag-emotions-en-maternelle","15":"product_tag-emotions-enfants","16":"product_tag-emotions-prescolaires","17":"product_tag-enfants-emotions-autisme","18":"product_tag-lintelligence-emotionnelle","19":"product_tag-materiel-pedagogique","20":"product_tag-nommer-les-sentiments","21":"product_tag-poster-des-emotions","22":"product_tag-poster-sur-les-emotions","23":"product_tag-psychologie-de-lenfant","24":"product_tag-reconnaitre-les-emotions","25":"product_tag-sentiments","26":"product_tag-sentiments-enfants","27":"product_tag-sentiments-poster","28":"product_tag-therapie-pour-enfants","29":"product_tag-visualiser-les-emotions","30":"product_shipping_class-numerique","31":"pa_sprache-wahl-anglais","32":"pa_sprache-wahl-allemande","33":"pa_sprache-wahl-espagnol-fr","34":"pa_sprache-wahl-francais-fr","35":"pa_typ-article-physique","36":"pa_typ-telechargement-numerique","38":"entry","39":"has-media","41":"first","42":"instock","43":"sale","44":"featured","45":"shipping-taxable","46":"purchasable","47":"product-type-variable","48":"has-default-attributes","49":"has-rating","50":"has-product-nav","51":"col","52":"span_1_of_3","53":"owp-content-left","54":"owp-thumbs-layout-horizontal","55":"owp-btn-big","56":"owp-tabs-layout-horizontal"},"aioseo_notices":[],"_links":{"self":[{"href":"https:\/\/mondamo.de\/wp\/kleinkunst\/fr\/wp-json\/wp\/v2\/product\/4953","targetHints":{"allow":["GET"]}}],"collection":[{"href":"https:\/\/mondamo.de\/wp\/kleinkunst\/fr\/wp-json\/wp\/v2\/product"}],"about":[{"href":"https:\/\/mondamo.de\/wp\/kleinkunst\/fr\/wp-json\/wp\/v2\/types\/product"}],"replies":[{"embeddable":true,"href":"https:\/\/mondamo.de\/wp\/kleinkunst\/fr\/wp-json\/wp\/v2\/comments?post=4953"}],"wp:featuredmedia":[{"embeddable":true,"href":"https:\/\/mondamo.de\/wp\/kleinkunst\/fr\/wp-json\/wp\/v2\/media\/3651"}],"wp:attachment":[{"href":"https:\/\/mondamo.de\/wp\/kleinkunst\/fr\/wp-json\/wp\/v2\/media?parent=4953"}],"wp:term":[{"taxonomy":"product_brand","embeddable":true,"href":"https:\/\/mondamo.de\/wp\/kleinkunst\/fr\/wp-json\/wp\/v2\/product_brand?post=4953"},{"taxonomy":"product_cat","embeddable":true,"href":"https:\/\/mondamo.de\/wp\/kleinkunst\/fr\/wp-json\/wp\/v2\/product_cat?post=4953"},{"taxonomy":"product_tag","embeddable":true,"href":"https:\/\/mondamo.de\/wp\/kleinkunst\/fr\/wp-json\/wp\/v2\/product_tag?post=4953"}],"curies":[{"name":"wp","href":"https:\/\/api.w.org\/{rel}","templated":true}]}}